{"id":817,"date":"2016-07-21T16:12:33","date_gmt":"2016-07-21T13:12:33","guid":{"rendered":"https:\/\/starsauto.lt\/ru\/?page_id=817"},"modified":"2020-04-17T12:14:35","modified_gmt":"2020-04-17T09:14:35","slug":"%d0%b3%d0%bb%d0%b0%d0%b2%d0%bd%d0%b0%d1%8f","status":"publish","type":"page","link":"https:\/\/starsauto.lt\/ru\/","title":{"rendered":"\u0413\u043b\u0430\u0432\u043d\u0430\u044f"},"content":{"rendered":"","protected":false},"excerpt":{"rendered":"","protected":false},"author":1,"featured_media":0,"parent":0,"menu_order":0,"comment_status":"closed","ping_status":"closed","template":"page-templates\/front-page.php","meta":{"_acf_changed":false,"footnotes":""},"class_list":["post-817","page","type-page","status-publish","hentry"],"acf":[],"yoast_head":"<!-- This site is optimized with the Yoast SEO plugin v27.0 - https:\/\/yoast.com\/product\/yoast-seo-wordpress\/ -->\n<title>\u0413\u043b\u0430\u0432\u043d\u0430\u044f | Starsauto<\/title>\n<meta name=\"description\" content=\"M\u016bs\u0173 tikslas \u2013 kokybi\u0161kas, mandagus ir malonus klient\u0173 aptarnavimas. Ar tai bus mergvakaris, bernvakaris, gimtadienis, i\u0161leistuv\u0117s, vestuv\u0117s\" \/>\n<meta name=\"robots\" content=\"index, follow, max-snippet:-1, max-image-preview:large, max-video-preview:-1\" \/>\n<link rel=\"canonical\" href=\"https:\/\/starsauto.lt\/ru\/\" \/>\n<meta property=\"og:locale\" content=\"ru_RU\" \/>\n<meta property=\"og:type\" content=\"article\" \/>\n<meta property=\"og:title\" content=\"\u0413\u043b\u0430\u0432\u043d\u0430\u044f | Starsauto\" \/>\n<meta property=\"og:description\" content=\"M\u016bs\u0173 tikslas \u2013 kokybi\u0161kas, mandagus ir malonus klient\u0173 aptarnavimas. Ar tai bus mergvakaris, bernvakaris, gimtadienis, i\u0161leistuv\u0117s, vestuv\u0117s\" \/>\n<meta property=\"og:url\" content=\"https:\/\/starsauto.lt\/ru\/\" \/>\n<meta property=\"og:site_name\" content=\"Starsauto\" \/>\n<meta property=\"article:publisher\" content=\"http:\/\/facebook.com\/some\" \/>\n<meta property=\"article:modified_time\" content=\"2020-04-17T09:14:35+00:00\" \/>\n<meta name=\"twitter:card\" content=\"summary_large_image\" \/>\n<script type=\"application\/ld+json\" class=\"yoast-schema-graph\">{\"@context\":\"https:\/\/schema.org\",\"@graph\":[{\"@type\":\"WebPage\",\"@id\":\"https:\/\/starsauto.lt\/ru\/\",\"url\":\"https:\/\/starsauto.lt\/ru\/\",\"name\":\"\u0413\u043b\u0430\u0432\u043d\u0430\u044f | Starsauto\",\"isPartOf\":{\"@id\":\"https:\/\/starsauto.lt\/ru\/#website\"},\"datePublished\":\"2016-07-21T13:12:33+00:00\",\"dateModified\":\"2020-04-17T09:14:35+00:00\",\"description\":\"M\u016bs\u0173 tikslas \u2013 kokybi\u0161kas, mandagus ir malonus klient\u0173 aptarnavimas. Ar tai bus mergvakaris, bernvakaris, gimtadienis, i\u0161leistuv\u0117s, vestuv\u0117s\",\"breadcrumb\":{\"@id\":\"https:\/\/starsauto.lt\/ru\/#breadcrumb\"},\"inLanguage\":\"ru-RU\",\"potentialAction\":[{\"@type\":\"ReadAction\",\"target\":[\"https:\/\/starsauto.lt\/ru\/\"]}]},{\"@type\":\"BreadcrumbList\",\"@id\":\"https:\/\/starsauto.lt\/ru\/#breadcrumb\",\"itemListElement\":[{\"@type\":\"ListItem\",\"position\":1,\"name\":\"Home\",\"item\":\"https:\/\/starsauto.lt\/ru\/\"},{\"@type\":\"ListItem\",\"position\":2,\"name\":\"\u0413\u043b\u0430\u0432\u043d\u0430\u044f\"}]},{\"@type\":\"WebSite\",\"@id\":\"https:\/\/starsauto.lt\/ru\/#website\",\"url\":\"https:\/\/starsauto.lt\/ru\/\",\"name\":\"Starsauto\",\"description\":\"\u0420\u043e\u0441\u043a\u043e\u0448\u044c, \u0441\u0442\u0438\u043b\u044c, \u044d\u043b\u0435\u0433\u0430\u043d\u0442\u043d\u043e\u0441\u0442\u044c\",\"potentialAction\":[{\"@type\":\"SearchAction\",\"target\":{\"@type\":\"EntryPoint\",\"urlTemplate\":\"https:\/\/starsauto.lt\/ru\/?s={search_term_string}\"},\"query-input\":{\"@type\":\"PropertyValueSpecification\",\"valueRequired\":true,\"valueName\":\"search_term_string\"}}],\"inLanguage\":\"ru-RU\"}]}<\/script>\n<!-- \/ Yoast SEO plugin. -->","yoast_head_json":{"title":"\u0413\u043b\u0430\u0432\u043d\u0430\u044f | Starsauto","description":"M\u016bs\u0173 tikslas \u2013 kokybi\u0161kas, mandagus ir malonus klient\u0173 aptarnavimas. Ar tai bus mergvakaris, bernvakaris, gimtadienis, i\u0161leistuv\u0117s, vestuv\u0117s","robots":{"index":"index","follow":"follow","max-snippet":"max-snippet:-1","max-image-preview":"max-image-preview:large","max-video-preview":"max-video-preview:-1"},"canonical":"https:\/\/starsauto.lt\/ru\/","og_locale":"ru_RU","og_type":"article","og_title":"\u0413\u043b\u0430\u0432\u043d\u0430\u044f | Starsauto","og_description":"M\u016bs\u0173 tikslas \u2013 kokybi\u0161kas, mandagus ir malonus klient\u0173 aptarnavimas. Ar tai bus mergvakaris, bernvakaris, gimtadienis, i\u0161leistuv\u0117s, vestuv\u0117s","og_url":"https:\/\/starsauto.lt\/ru\/","og_site_name":"Starsauto","article_publisher":"http:\/\/facebook.com\/some","article_modified_time":"2020-04-17T09:14:35+00:00","twitter_card":"summary_large_image","schema":{"@context":"https:\/\/schema.org","@graph":[{"@type":"WebPage","@id":"https:\/\/starsauto.lt\/ru\/","url":"https:\/\/starsauto.lt\/ru\/","name":"\u0413\u043b\u0430\u0432\u043d\u0430\u044f | Starsauto","isPartOf":{"@id":"https:\/\/starsauto.lt\/ru\/#website"},"datePublished":"2016-07-21T13:12:33+00:00","dateModified":"2020-04-17T09:14:35+00:00","description":"M\u016bs\u0173 tikslas \u2013 kokybi\u0161kas, mandagus ir malonus klient\u0173 aptarnavimas. Ar tai bus mergvakaris, bernvakaris, gimtadienis, i\u0161leistuv\u0117s, vestuv\u0117s","breadcrumb":{"@id":"https:\/\/starsauto.lt\/ru\/#breadcrumb"},"inLanguage":"ru-RU","potentialAction":[{"@type":"ReadAction","target":["https:\/\/starsauto.lt\/ru\/"]}]},{"@type":"BreadcrumbList","@id":"https:\/\/starsauto.lt\/ru\/#breadcrumb","itemListElement":[{"@type":"ListItem","position":1,"name":"Home","item":"https:\/\/starsauto.lt\/ru\/"},{"@type":"ListItem","position":2,"name":"\u0413\u043b\u0430\u0432\u043d\u0430\u044f"}]},{"@type":"WebSite","@id":"https:\/\/starsauto.lt\/ru\/#website","url":"https:\/\/starsauto.lt\/ru\/","name":"Starsauto","description":"\u0420\u043e\u0441\u043a\u043e\u0448\u044c, \u0441\u0442\u0438\u043b\u044c, \u044d\u043b\u0435\u0433\u0430\u043d\u0442\u043d\u043e\u0441\u0442\u044c","potentialAction":[{"@type":"SearchAction","target":{"@type":"EntryPoint","urlTemplate":"https:\/\/starsauto.lt\/ru\/?s={search_term_string}"},"query-input":{"@type":"PropertyValueSpecification","valueRequired":true,"valueName":"search_term_string"}}],"inLanguage":"ru-RU"}]}},"_links":{"self":[{"href":"https:\/\/starsauto.lt\/ru\/wp-json\/wp\/v2\/pages\/817","targetHints":{"allow":["GET"]}}],"collection":[{"href":"https:\/\/starsauto.lt\/ru\/wp-json\/wp\/v2\/pages"}],"about":[{"href":"https:\/\/starsauto.lt\/ru\/wp-json\/wp\/v2\/types\/page"}],"author":[{"embeddable":true,"href":"https:\/\/starsauto.lt\/ru\/wp-json\/wp\/v2\/users\/1"}],"replies":[{"embeddable":true,"href":"https:\/\/starsauto.lt\/ru\/wp-json\/wp\/v2\/comments?post=817"}],"version-history":[{"count":6,"href":"https:\/\/starsauto.lt\/ru\/wp-json\/wp\/v2\/pages\/817\/revisions"}],"predecessor-version":[{"id":1330,"href":"https:\/\/starsauto.lt\/ru\/wp-json\/wp\/v2\/pages\/817\/revisions\/1330"}],"wp:attachment":[{"href":"https:\/\/starsauto.lt\/ru\/wp-json\/wp\/v2\/media?parent=817"}],"curies":[{"name":"wp","href":"https:\/\/api.w.org\/{rel}","templated":true}]}}